{"id":88,"date":"2022-08-04T20:20:08","date_gmt":"2022-08-04T20:20:08","guid":{"rendered":"https:\/\/ch-designs.hu\/?page_id=88"},"modified":"2023-12-04T19:36:38","modified_gmt":"2023-12-04T19:36:38","slug":"arak","status":"publish","type":"page","link":"https:\/\/ch-designs.hu\/?page_id=88","title":{"rendered":"\u00c1rak"},"content":{"rendered":"\n<h3 class=\"wp-block-heading\"><strong>L\u00e1tv\u00e1nytervez\u00e9s csomagok<\/strong><\/h3>\n\n\n\n<div style=\"height:50px\" aria-hidden=\"true\" class=\"wp-block-spacer\"><\/div>\n\n\n\n<div class=\"wp-block-columns alignwide is-layout-flex wp-container-core-columns-is-layout-9d6595d7 wp-block-columns-is-layout-flex\">\n<div class=\"wp-block-column has-white-color has-text-color has-background has-link-color wp-elements-a35015417e971c5313c488c4d2729a33 is-layout-flow wp-block-column-is-layout-flow\" style=\"background-color:#373737;padding-top:2em;padding-right:2em;padding-bottom:2em;padding-left:2em;flex-basis:350px\">\n<h2 class=\"wp-block-heading has-white-color has-text-color\" id=\"single\" style=\"font-size:40px\"><strong>BASIC<\/strong><\/h2>\n\n\n\n<p class=\"has-normal-font-size\" style=\"line-height:1.5\">Alapcsomag vizualiz\u00e1ci\u00f3s c\u00e9lokra <\/p>\n\n\n\n<hr class=\"wp-block-separator has-text-color has-css-opacity has-background is-style-wide\" style=\"background-color:#000000;color:#000000\"\/>\n\n\n\n<ul class=\"wp-block-list\">\n<li>SketchUp Pro tervez\u00e9s<\/li>\n\n\n\n<li>Alap terv renderel\u00e9s \u00e9s berendez\u00e9s n\u00e9lk\u00fcl<\/li>\n\n\n\n<li>K\u00e9pek sz\u00e1ma ig\u00e9ny szerint, \u00e1rt\u00f3l f\u00fcggetlen\u00fcl<\/li>\n<\/ul>\n\n\n\n<div class=\"wp-block-buttons alignfull is-horizontal is-content-justification-center is-layout-flex wp-container-core-buttons-is-layout-b1807681 wp-block-buttons-is-layout-flex\">\n<div class=\"wp-block-button has-custom-width wp-block-button__width-100\"><a class=\"wp-block-button__link has-white-color has-text-color has-background wp-element-button\" style=\"border-radius:0px;background-color:#000000\">450 Ft\/m2-t\u0151l<\/a><\/div>\n<\/div>\n<\/div>\n\n\n\n<div class=\"wp-block-column has-white-color has-text-color has-background has-link-color wp-elements-d299dcf15e5bfbbfc4931aef3a954e97 is-layout-flow wp-block-column-is-layout-flow\" style=\"background-color:#5a5a5a;padding-top:2em;padding-right:2em;padding-bottom:2em;padding-left:2em;flex-basis:350px\">\n<h2 class=\"wp-block-heading has-white-color has-text-color\" id=\"family\" style=\"font-size:40px\"><strong>STANDARD<\/strong><\/h2>\n\n\n\n<p class=\"has-normal-font-size\" style=\"line-height:1.5\">Standard renderelt csomag<\/p>\n\n\n\n<hr class=\"wp-block-separator has-css-opacity is-style-wide\"\/>\n\n\n\n<ul class=\"wp-block-list\">\n<li>SketchUp Pro tervez\u00e9s<\/li>\n\n\n\n<li>Lumion 10 renderel\u00e9s<\/li>\n\n\n\n<li>Szob\u00e1k \u00e1ltal\u00e1nos (alap) berendez\u00e9se<\/li>\n\n\n\n<li>Dr\u00f3noz\u00e1si opci\u00f3<\/li>\n<\/ul>\n\n\n\n<div class=\"wp-block-buttons alignfull is-horizontal is-content-justification-center is-layout-flex wp-container-core-buttons-is-layout-b1807681 wp-block-buttons-is-layout-flex\">\n<div class=\"wp-block-button has-custom-width wp-block-button__width-100 is-style-fill\"><a class=\"wp-block-button__link has-white-color has-text-color has-background no-border-radius wp-element-button\" style=\"background-color:#000000\">670 Ft\/m2-t\u0151l<\/a><\/div>\n<\/div>\n<\/div>\n\n\n\n<div class=\"wp-block-column has-text-color has-background has-link-color wp-elements-77a9cc82fc1ae351ac34f0bfff8d2d30 is-layout-flow wp-block-column-is-layout-flow\" style=\"color:#000000;background:linear-gradient(135deg,rgb(238,238,238) 0%,rgb(93,93,93) 100%);padding-top:2em;padding-right:2em;padding-bottom:2em;padding-left:2em;flex-basis:350px\">\n<h2 class=\"wp-block-heading has-black-color has-text-color\" id=\"patron\" style=\"font-size:40px\"><strong>DESIGN<\/strong><\/h2>\n\n\n\n<p class=\"has-normal-font-size\">Teljes csomag kiemelt aj\u00e1nlatokkal<\/p>\n\n\n\n<hr class=\"wp-block-separator has-css-opacity is-style-wide\"\/>\n\n\n\n<ul class=\"wp-block-list\">\n<li>SketchUp Pro tervez\u00e9s<\/li>\n\n\n\n<li>Lumion 10 renderel\u00e9s, HD vide\u00f3<\/li>\n\n\n\n<li>Szob\u00e1k kiterjesztett berendez\u00e9se, udvar, kert kialak\u00edt\u00e1sa<\/li>\n\n\n\n<li>Dr\u00f3noz\u00e1si opci\u00f3<\/li>\n<\/ul>\n\n\n\n<div class=\"wp-block-buttons alignfull is-horizontal is-content-justification-center is-layout-flex wp-container-core-buttons-is-layout-b1807681 wp-block-buttons-is-layout-flex\">\n<div class=\"wp-block-button has-custom-width wp-block-button__width-100 is-style-fill\"><a class=\"wp-block-button__link has-white-color has-text-color has-background no-border-radius wp-element-button\" style=\"background-color:#000000\">1420 Ft\/m2-t\u0151l<\/a><\/div>\n<\/div>\n<\/div>\n<\/div>\n\n\n\n<div class=\"wp-block-file\"><a id=\"wp-block-file--media-dfc2e77b-2218-4587-8106-db0ab07e7a70\" href=\"https:\/\/ch-designs.hu\/wp-content\/uploads\/2023\/12\/Latvanytervezes-Arlista-2024.pdf\" target=\"_blank\" rel=\"noreferrer noopener\">Latvanytervezes-Arlista-2024<\/a><a href=\"https:\/\/ch-designs.hu\/wp-content\/uploads\/2023\/12\/Latvanytervezes-Arlista-2024.pdf\" class=\"wp-block-file__button wp-element-button\" download aria-describedby=\"wp-block-file--media-dfc2e77b-2218-4587-8106-db0ab07e7a70\">Let\u00f6lt\u00e9s<\/a><\/div>\n\n\n\n<div style=\"height:50px\" aria-hidden=\"true\" class=\"wp-block-spacer\"><\/div>\n\n\n\n<hr class=\"wp-block-separator has-alpha-channel-opacity\"\/>\n\n\n\n<h3 class=\"wp-block-heading\"><strong>Dr\u00f3noz\u00e1s \u00e9s f\u00e9nyk\u00e9pez\u00e9s csomagok<\/strong><\/h3>\n\n\n\n<div style=\"height:50px\" aria-hidden=\"true\" class=\"wp-block-spacer\"><\/div>\n\n\n\n<div class=\"wp-block-columns alignwide is-layout-flex wp-container-core-columns-is-layout-9d6595d7 wp-block-columns-is-layout-flex\">\n<div class=\"wp-block-column has-white-color has-text-color has-background has-link-color wp-elements-a77d3d95013f9697b9c8d3f51a78405f is-layout-flow wp-block-column-is-layout-flow\" style=\"background-color:#373737;padding-top:2em;padding-right:2em;padding-bottom:2em;padding-left:2em;flex-basis:350px\">\n<h2 class=\"wp-block-heading has-white-color has-text-color\" id=\"single\" style=\"font-size:40px\"><strong>BASIC<\/strong><\/h2>\n\n\n\n<p class=\"has-normal-font-size\" style=\"line-height:1.5\">Alapcsomag fot\u00f3z\u00e1si szolg\u00e1ltat\u00e1ssal vagy dr\u00f3noz\u00e1ssal<\/p>\n\n\n\n<hr class=\"wp-block-separator has-text-color has-css-opacity has-background is-style-wide\" style=\"background-color:#000000;color:#000000\"\/>\n\n\n\n<ul class=\"wp-block-list\">\n<li>Nagyfelbont\u00e1s\u00fa k\u00e9pek k\u00e9sz\u00edt\u00e9se DSLR kamer\u00e1val vagy dr\u00f3nnal<\/li>\n<\/ul>\n\n\n\n<div class=\"wp-block-buttons alignfull is-horizontal is-content-justification-center is-layout-flex wp-container-core-buttons-is-layout-499968f5 wp-block-buttons-is-layout-flex\">\n<div class=\"wp-block-button has-custom-width wp-block-button__width-100\"><a class=\"wp-block-button__link has-white-color has-text-color has-background wp-element-button\" style=\"border-radius:0px;background-color:#000000\">39 900 Ft-t\u00f3l<\/a><\/div>\n<\/div>\n<\/div>\n\n\n\n<div class=\"wp-block-column has-white-color has-text-color has-background has-link-color wp-elements-8648b597d33f81a61b77d0195ff6d821 is-layout-flow wp-block-column-is-layout-flow\" style=\"background-color:#5a5a5a;padding-top:2em;padding-right:2em;padding-bottom:2em;padding-left:2em;flex-basis:350px\">\n<h2 class=\"wp-block-heading has-white-color has-text-color\" id=\"family\" style=\"font-size:40px\">ADVANCED<\/h2>\n\n\n\n<p class=\"has-normal-font-size\" style=\"line-height:1.5\">Kiterjesztett fot\u00f3z\u00e1si szolg\u00e1ltat\u00e1ssal vagy dr\u00f3noz\u00e1ssal<\/p>\n\n\n\n<hr class=\"wp-block-separator has-css-opacity is-style-wide\"\/>\n\n\n\n<ul class=\"wp-block-list\">\n<li>Nagyfelbont\u00e1s\u00fa k\u00e9pek k\u00e9sz\u00edt\u00e9se DSLR kamer\u00e1val vagy dr\u00f3nnal<\/li>\n\n\n\n<li>Photoshop<\/li>\n\n\n\n<li>HD dr\u00f3n vide\u00f3felv\u00e9telek k\u00e9sz\u00edt\u00e9se<\/li>\n<\/ul>\n\n\n\n<div class=\"wp-block-buttons alignfull is-horizontal is-content-justification-center is-layout-flex wp-container-core-buttons-is-layout-499968f5 wp-block-buttons-is-layout-flex\">\n<div class=\"wp-block-button has-custom-width wp-block-button__width-100 is-style-fill\"><a class=\"wp-block-button__link has-white-color has-text-color has-background no-border-radius wp-element-button\" style=\"background-color:#000000\">59 900 Ft-t\u00f3l<\/a><\/div>\n<\/div>\n<\/div>\n\n\n\n<div class=\"wp-block-column has-text-color has-background has-link-color wp-elements-71c1ae425a66d4a0e928ba217ffe2f3e is-layout-flow wp-block-column-is-layout-flow\" style=\"color:#000000;background:linear-gradient(135deg,rgb(238,238,238) 0%,rgb(93,93,93) 100%);padding-top:2em;padding-right:2em;padding-bottom:2em;padding-left:2em;flex-basis:350px\">\n<h2 class=\"wp-block-heading has-black-color has-text-color\" id=\"patron\" style=\"font-size:40px\"><strong>COMPLETE<\/strong><\/h2>\n\n\n\n<p class=\"has-normal-font-size\">Teljesk\u00f6r\u0171 m\u00e9diaszolg\u00e1ltat\u00e1s fot\u00f3z\u00e1ssal \u00e9s dr\u00f3noz\u00e1ssal<\/p>\n\n\n\n<hr class=\"wp-block-separator has-css-opacity is-style-wide\"\/>\n\n\n\n<ul class=\"wp-block-list\">\n<li>Nagyfelbont\u00e1s\u00fa k\u00e9pek k\u00e9sz\u00edt\u00e9se DSLR kamer\u00e1val vagy dr\u00f3nnal<\/li>\n\n\n\n<li>Photoshop szerkeszt\u00e9s, k\u00e9pjav\u00edt\u00e1s (Sharpen AI)<\/li>\n\n\n\n<li>Adobe Premier &#8211; vide\u00f3v\u00e1g\u00e1si szolg\u00e1ltat\u00e1s (kapott hanganyaggal)<\/li>\n<\/ul>\n\n\n\n<div class=\"wp-block-buttons alignfull is-horizontal is-content-justification-center is-layout-flex wp-container-core-buttons-is-layout-499968f5 wp-block-buttons-is-layout-flex\">\n<div class=\"wp-block-button has-custom-width wp-block-button__width-100 is-style-fill\"><a class=\"wp-block-button__link has-white-color has-text-color has-background no-border-radius wp-element-button\" style=\"background-color:#000000\">79 900 Ft-t\u00f3l<\/a><\/div>\n<\/div>\n<\/div>\n<\/div>\n\n\n\n<div style=\"height:50px\" aria-hidden=\"true\" class=\"wp-block-spacer\"><\/div>\n\n\n\n<div class=\"wp-block-media-text alignwide is-stacked-on-mobile has-white-color has-black-background-color has-text-color has-background\" style=\"grid-template-columns:40% auto\"><figure class=\"wp-block-media-text__media\"><img loading=\"lazy\" decoding=\"async\" width=\"1024\" height=\"575\" src=\"https:\/\/ch-designs.hu\/wp-content\/uploads\/2022\/08\/Clip_Drone-1024x575.jpg\" alt=\"\" class=\"wp-image-156 size-full img-fluid \" srcset=\"https:\/\/ch-designs.hu\/wp-content\/uploads\/2022\/08\/Clip_Drone-1024x575.jpg 1024w, https:\/\/ch-designs.hu\/wp-content\/uploads\/2022\/08\/Clip_Drone-300x169.jpg 300w, https:\/\/ch-designs.hu\/wp-content\/uploads\/2022\/08\/Clip_Drone-768x432.jpg 768w, https:\/\/ch-designs.hu\/wp-content\/uploads\/2022\/08\/Clip_Drone-1536x863.jpg 1536w, https:\/\/ch-designs.hu\/wp-content\/uploads\/2022\/08\/Clip_Drone.jpg 1920w\" sizes=\"auto, (max-width: 1024px) 100vw, 1024px\" \/><\/figure><div class=\"wp-block-media-text__content\">\n<h2 class=\"wp-block-heading has-white-color has-text-color\"><strong>Tov\u00e1bb\u00e1&#8230;<\/strong><\/h2>\n\n\n\n<p class=\"has-medium-font-size\">Mez\u0151gazdas\u00e1gi c\u00e9geknek, v\u00e1llalkoz\u00f3knak, \u0151stermel\u0151knek el\u00e9rhet\u0151 a Farmer+ szolg\u00e1ltat\u00e1s, amely mag\u00e1ban foglalja elemi \u00e9s vadk\u00e1rok felkutat\u00e1s\u00e1t \u00e9s dokument\u00e1l\u00e1s\u00e1t blokkokon bel\u00fcl.<\/p>\n<\/div><\/div>\n\n\n\n<div style=\"height:50px\" aria-hidden=\"true\" class=\"wp-block-spacer\"><\/div>\n\n\n\n<div class=\"wp-block-file\"><a id=\"wp-block-file--media-6104a6a3-da95-4469-9d4e-567b29be5086\" href=\"https:\/\/ch-designs.hu\/wp-content\/uploads\/2023\/12\/Dronozas-es-Fenykepezes-Arlista-2024.pdf\" target=\"_blank\" rel=\"noreferrer noopener\">Dronozas-es-Fenykepezes-Arlista-2024<\/a><a href=\"https:\/\/ch-designs.hu\/wp-content\/uploads\/2023\/12\/Dronozas-es-Fenykepezes-Arlista-2024.pdf\" class=\"wp-block-file__button wp-element-button\" download aria-describedby=\"wp-block-file--media-6104a6a3-da95-4469-9d4e-567b29be5086\">Let\u00f6lt\u00e9s<\/a><\/div>\n","protected":false},"excerpt":{"rendered":"<p>L\u00e1tv\u00e1nytervez\u00e9s csomagok BASIC Alapcsomag vizualiz\u00e1ci\u00f3s c\u00e9lokra STANDARD Standard renderelt csomag DESIGN Teljes csomag kiemelt aj\u00e1nlatokkal Dr\u00f3noz\u00e1s \u00e9s f\u00e9nyk\u00e9pez\u00e9s csomagok BASIC &hellip; <\/p>\n<p class=\"link-more\"><a href=\"https:\/\/ch-designs.hu\/?page_id=88\" class=\"more-link fw-bold\"><span class=\"more-link-arrow me-2 position-relative rounded-circle d-inline-block\"><\/span> Continue reading<span class=\"screen-reader-text\"> &#8220;\u00c1rak&#8221;<\/span><\/a><\/p>\n","protected":false},"author":1,"featured_media":0,"parent":2,"menu_order":0,"comment_status":"closed","ping_status":"closed","template":"","meta":{"footnotes":""},"class_list":["post-88","page","type-page","status-publish","hentry"],"_links":{"self":[{"href":"https:\/\/ch-designs.hu\/index.php?rest_route=\/wp\/v2\/pages\/88","targetHints":{"allow":["GET"]}}],"collection":[{"href":"https:\/\/ch-designs.hu\/index.php?rest_route=\/wp\/v2\/pages"}],"about":[{"href":"https:\/\/ch-designs.hu\/index.php?rest_route=\/wp\/v2\/types\/page"}],"author":[{"embeddable":true,"href":"https:\/\/ch-designs.hu\/index.php?rest_route=\/wp\/v2\/users\/1"}],"replies":[{"embeddable":true,"href":"https:\/\/ch-designs.hu\/index.php?rest_route=%2Fwp%2Fv2%2Fcomments&post=88"}],"version-history":[{"count":25,"href":"https:\/\/ch-designs.hu\/index.php?rest_route=\/wp\/v2\/pages\/88\/revisions"}],"predecessor-version":[{"id":313,"href":"https:\/\/ch-designs.hu\/index.php?rest_route=\/wp\/v2\/pages\/88\/revisions\/313"}],"up":[{"embeddable":true,"href":"https:\/\/ch-designs.hu\/index.php?rest_route=\/wp\/v2\/pages\/2"}],"wp:attachment":[{"href":"https:\/\/ch-designs.hu\/index.php?rest_route=%2Fwp%2Fv2%2Fmedia&parent=88"}],"curies":[{"name":"wp","href":"https:\/\/api.w.org\/{rel}","templated":true}]}}