{"id":29,"date":"2022-08-04T20:35:27","date_gmt":"2022-08-04T20:35:27","guid":{"rendered":"https:\/\/ch-designs.hu\/?page_id=29"},"modified":"2023-12-04T19:43:23","modified_gmt":"2023-12-04T19:43:23","slug":"latvanytervezes","status":"publish","type":"page","link":"https:\/\/ch-designs.hu\/?page_id=29","title":{"rendered":"L\u00e1tv\u00e1nytervez\u00e9s"},"content":{"rendered":"\n<div style=\"height:50px\" aria-hidden=\"true\" class=\"wp-block-spacer\"><\/div>\n\n\n\n<p style=\"font-size:18px\">Egy 3D l\u00e1tv\u00e1nyterv val\u00f3s\u00e1gh\u0171en jelen\u00edti meg elk\u00e9pzel\u00e9seinket. Seg\u00edtenek a d\u00f6nt\u00e9sben, \u00e9s vizu\u00e1lis seg\u00edts\u00e9get ny\u00fajtanak a megrendel\u0151nek \u00e9s az \u00e9p\u00edt\u0151ipari v\u00e1llalkoz\u00f3nak is. A l\u00e1tv\u00e1nytervez\u00e9s seg\u00edts\u00e9g\u00e9vel az esetleges m\u00f3dos\u00edt\u00e1sokat m\u00e9g a kivitelez\u00e9s el\u0151tt, egyszer\u0171en meg lehet oldani.<\/p>\n\n\n\n<p style=\"font-size:16px\">Az \u00e9p\u00edt\u00e9szeti l\u00e1tv\u00e1nytervez\u00e9s seg\u00edts\u00e9g\u00e9vel a megrendelt \u00e9p\u00fclet 3D-s virtu\u00e1lis, vagy val\u00f3di k\u00f6rnyezet\u00e9be helyezve l\u00e1thatjuk, a bels\u0151\u00e9p\u00edt\u00e9szeti l\u00e1tv\u00e1nytervez\u00e9s lehet\u0151s\u00e9get ny\u00fajt a bels\u0151 terek fotorealisztikus bemutat\u00e1s\u00e1ra. Egy elk\u00e9sz\u00edtett modellr\u0151l tetsz\u0151leges sz\u00e1m\u00fa val\u00f3s\u00e1gh\u0171 3D k\u00e9p, vagy ak\u00e1r vide\u00f3 is k\u00e9sz\u00edthet\u0151, teh\u00e1t a modellt nem csak egy statikus k\u00e9p mutatja be, hanem t\u00f6bb n\u00e9z\u0151pontb\u00f3l k\u00e9sz\u00fclt val\u00f3s\u00e1gh\u0171 k\u00e9pek.<\/p>\n\n\n\n<figure class=\"wp-block-gallery has-nested-images columns-default is-cropped wp-block-gallery-1 is-layout-flex wp-block-gallery-is-layout-flex\">\n<figure class=\"wp-block-image size-large\"><img loading=\"lazy\" decoding=\"async\" width=\"1024\" height=\"576\" data-id=\"171\" src=\"https:\/\/ch-designs.hu\/wp-content\/uploads\/2022\/08\/A33_Interior_3-Photo-1024x576.jpg\" alt=\"\" class=\"wp-image-171 img-fluid \" srcset=\"https:\/\/ch-designs.hu\/wp-content\/uploads\/2022\/08\/A33_Interior_3-Photo-1024x576.jpg 1024w, https:\/\/ch-designs.hu\/wp-content\/uploads\/2022\/08\/A33_Interior_3-Photo-300x169.jpg 300w, https:\/\/ch-designs.hu\/wp-content\/uploads\/2022\/08\/A33_Interior_3-Photo-768x432.jpg 768w, https:\/\/ch-designs.hu\/wp-content\/uploads\/2022\/08\/A33_Interior_3-Photo-1536x864.jpg 1536w, https:\/\/ch-designs.hu\/wp-content\/uploads\/2022\/08\/A33_Interior_3-Photo-2048x1152.jpg 2048w\" sizes=\"auto, (max-width: 1024px) 100vw, 1024px\" \/><\/figure>\n\n\n\n<figure class=\"wp-block-image size-large\"><img loading=\"lazy\" decoding=\"async\" width=\"1024\" height=\"576\" data-id=\"172\" src=\"https:\/\/ch-designs.hu\/wp-content\/uploads\/2022\/08\/Bath_Interior-1024x576.jpg\" alt=\"\" class=\"wp-image-172 img-fluid \" srcset=\"https:\/\/ch-designs.hu\/wp-content\/uploads\/2022\/08\/Bath_Interior-1024x576.jpg 1024w, https:\/\/ch-designs.hu\/wp-content\/uploads\/2022\/08\/Bath_Interior-300x169.jpg 300w, https:\/\/ch-designs.hu\/wp-content\/uploads\/2022\/08\/Bath_Interior-768x432.jpg 768w, https:\/\/ch-designs.hu\/wp-content\/uploads\/2022\/08\/Bath_Interior-1536x864.jpg 1536w\" sizes=\"auto, (max-width: 1024px) 100vw, 1024px\" \/><\/figure>\n\n\n\n<figure class=\"wp-block-image size-large\"><img loading=\"lazy\" decoding=\"async\" width=\"1024\" height=\"576\" data-id=\"175\" src=\"https:\/\/ch-designs.hu\/wp-content\/uploads\/2022\/08\/Dolosd07_1-Photo-1024x576.jpg\" alt=\"\" class=\"wp-image-175 img-fluid \" srcset=\"https:\/\/ch-designs.hu\/wp-content\/uploads\/2022\/08\/Dolosd07_1-Photo-1024x576.jpg 1024w, https:\/\/ch-designs.hu\/wp-content\/uploads\/2022\/08\/Dolosd07_1-Photo-768x432.jpg 768w, https:\/\/ch-designs.hu\/wp-content\/uploads\/2022\/08\/Dolosd07_1-Photo-1536x864.jpg 1536w\" sizes=\"auto, (max-width: 1024px) 100vw, 1024px\" \/><\/figure>\n\n\n\n<figure class=\"wp-block-image size-large\"><img loading=\"lazy\" decoding=\"async\" width=\"7680\" height=\"4320\" data-id=\"176\" src=\"https:\/\/ch-designs.hu\/wp-content\/uploads\/2022\/08\/Dolosd07_2-Photo.jpg\" alt=\"\" class=\"wp-image-176 img-fluid \"\/><\/figure>\n\n\n\n<figure class=\"wp-block-image size-large\"><img loading=\"lazy\" decoding=\"async\" width=\"1024\" height=\"576\" data-id=\"173\" src=\"https:\/\/ch-designs.hu\/wp-content\/uploads\/2022\/08\/Lumion-10-Pro-\u6b63\u7248\u6388\u6743_Photo-2-1024x576.jpg\" alt=\"\" class=\"wp-image-173 img-fluid \" srcset=\"https:\/\/ch-designs.hu\/wp-content\/uploads\/2022\/08\/Lumion-10-Pro-\u6b63\u7248\u6388\u6743_Photo-2-1024x576.jpg 1024w, https:\/\/ch-designs.hu\/wp-content\/uploads\/2022\/08\/Lumion-10-Pro-\u6b63\u7248\u6388\u6743_Photo-2-300x169.jpg 300w, https:\/\/ch-designs.hu\/wp-content\/uploads\/2022\/08\/Lumion-10-Pro-\u6b63\u7248\u6388\u6743_Photo-2-768x432.jpg 768w, https:\/\/ch-designs.hu\/wp-content\/uploads\/2022\/08\/Lumion-10-Pro-\u6b63\u7248\u6388\u6743_Photo-2-1536x864.jpg 1536w\" sizes=\"auto, (max-width: 1024px) 100vw, 1024px\" \/><\/figure>\n\n\n\n<figure class=\"wp-block-image size-large\"><img loading=\"lazy\" decoding=\"async\" width=\"1024\" height=\"576\" data-id=\"177\" src=\"https:\/\/ch-designs.hu\/wp-content\/uploads\/2022\/08\/Lumion-10-Pro-\u6b63\u7248\u6388\u6743_Photo-4-1024x576.jpg\" alt=\"\" class=\"wp-image-177 img-fluid \" srcset=\"https:\/\/ch-designs.hu\/wp-content\/uploads\/2022\/08\/Lumion-10-Pro-\u6b63\u7248\u6388\u6743_Photo-4-1024x576.jpg 1024w, https:\/\/ch-designs.hu\/wp-content\/uploads\/2022\/08\/Lumion-10-Pro-\u6b63\u7248\u6388\u6743_Photo-4-300x169.jpg 300w, https:\/\/ch-designs.hu\/wp-content\/uploads\/2022\/08\/Lumion-10-Pro-\u6b63\u7248\u6388\u6743_Photo-4-768x432.jpg 768w, https:\/\/ch-designs.hu\/wp-content\/uploads\/2022\/08\/Lumion-10-Pro-\u6b63\u7248\u6388\u6743_Photo-4-1536x864.jpg 1536w\" sizes=\"auto, (max-width: 1024px) 100vw, 1024px\" \/><\/figure>\n\n\n\n<figure class=\"wp-block-image size-large\"><img loading=\"lazy\" decoding=\"async\" width=\"1024\" height=\"576\" data-id=\"179\" src=\"https:\/\/ch-designs.hu\/wp-content\/uploads\/2022\/08\/Lumion-10-Pro-\u6b63\u7248\u6388\u6743_Photo-6-1024x576.jpg\" alt=\"\" class=\"wp-image-179 img-fluid \" srcset=\"https:\/\/ch-designs.hu\/wp-content\/uploads\/2022\/08\/Lumion-10-Pro-\u6b63\u7248\u6388\u6743_Photo-6-1024x576.jpg 1024w, https:\/\/ch-designs.hu\/wp-content\/uploads\/2022\/08\/Lumion-10-Pro-\u6b63\u7248\u6388\u6743_Photo-6-300x169.jpg 300w, https:\/\/ch-designs.hu\/wp-content\/uploads\/2022\/08\/Lumion-10-Pro-\u6b63\u7248\u6388\u6743_Photo-6-768x432.jpg 768w, https:\/\/ch-designs.hu\/wp-content\/uploads\/2022\/08\/Lumion-10-Pro-\u6b63\u7248\u6388\u6743_Photo-6-1536x864.jpg 1536w\" sizes=\"auto, (max-width: 1024px) 100vw, 1024px\" \/><\/figure>\n\n\n\n<figure class=\"wp-block-image size-large\"><img loading=\"lazy\" decoding=\"async\" width=\"1024\" height=\"576\" data-id=\"284\" src=\"https:\/\/ch-designs.hu\/wp-content\/uploads\/2023\/11\/Web-01_1-Photo-1024x576.jpg\" alt=\"\" class=\"wp-image-284 img-fluid \" srcset=\"https:\/\/ch-designs.hu\/wp-content\/uploads\/2023\/11\/Web-01_1-Photo-1024x576.jpg 1024w, https:\/\/ch-designs.hu\/wp-content\/uploads\/2023\/11\/Web-01_1-Photo-300x169.jpg 300w, https:\/\/ch-designs.hu\/wp-content\/uploads\/2023\/11\/Web-01_1-Photo-768x432.jpg 768w, https:\/\/ch-designs.hu\/wp-content\/uploads\/2023\/11\/Web-01_1-Photo-1536x864.jpg 1536w, https:\/\/ch-designs.hu\/wp-content\/uploads\/2023\/11\/Web-01_1-Photo-2048x1152.jpg 2048w\" sizes=\"auto, (max-width: 1024px) 100vw, 1024px\" \/><\/figure>\n\n\n\n<figure class=\"wp-block-image size-large\"><img loading=\"lazy\" decoding=\"async\" width=\"1024\" height=\"576\" data-id=\"283\" src=\"https:\/\/ch-designs.hu\/wp-content\/uploads\/2023\/11\/Web-01_2-Photo-1024x576.jpg\" alt=\"\" class=\"wp-image-283 img-fluid \" srcset=\"https:\/\/ch-designs.hu\/wp-content\/uploads\/2023\/11\/Web-01_2-Photo-1024x576.jpg 1024w, https:\/\/ch-designs.hu\/wp-content\/uploads\/2023\/11\/Web-01_2-Photo-300x169.jpg 300w, https:\/\/ch-designs.hu\/wp-content\/uploads\/2023\/11\/Web-01_2-Photo-768x432.jpg 768w, https:\/\/ch-designs.hu\/wp-content\/uploads\/2023\/11\/Web-01_2-Photo-1536x864.jpg 1536w, https:\/\/ch-designs.hu\/wp-content\/uploads\/2023\/11\/Web-01_2-Photo-2048x1152.jpg 2048w\" sizes=\"auto, (max-width: 1024px) 100vw, 1024px\" \/><\/figure>\n\n\n\n<figure class=\"wp-block-image size-large\"><img loading=\"lazy\" decoding=\"async\" width=\"1024\" height=\"576\" data-id=\"297\" src=\"https:\/\/ch-designs.hu\/wp-content\/uploads\/2023\/11\/Product_01_Exterior-1-1024x576.jpg\" alt=\"\" class=\"wp-image-297 img-fluid \" srcset=\"https:\/\/ch-designs.hu\/wp-content\/uploads\/2023\/11\/Product_01_Exterior-1-1024x576.jpg 1024w, https:\/\/ch-designs.hu\/wp-content\/uploads\/2023\/11\/Product_01_Exterior-1-300x169.jpg 300w, https:\/\/ch-designs.hu\/wp-content\/uploads\/2023\/11\/Product_01_Exterior-1-768x432.jpg 768w, https:\/\/ch-designs.hu\/wp-content\/uploads\/2023\/11\/Product_01_Exterior-1-1536x864.jpg 1536w, https:\/\/ch-designs.hu\/wp-content\/uploads\/2023\/11\/Product_01_Exterior-1-2048x1152.jpg 2048w\" sizes=\"auto, (max-width: 1024px) 100vw, 1024px\" \/><\/figure>\n\n\n\n<figure class=\"wp-block-image size-large\"><img loading=\"lazy\" decoding=\"async\" width=\"1024\" height=\"576\" data-id=\"294\" src=\"https:\/\/ch-designs.hu\/wp-content\/uploads\/2023\/11\/Product_01_Exterior-2-1024x576.jpg\" alt=\"\" class=\"wp-image-294 img-fluid \" srcset=\"https:\/\/ch-designs.hu\/wp-content\/uploads\/2023\/11\/Product_01_Exterior-2-1024x576.jpg 1024w, https:\/\/ch-designs.hu\/wp-content\/uploads\/2023\/11\/Product_01_Exterior-2-300x169.jpg 300w, https:\/\/ch-designs.hu\/wp-content\/uploads\/2023\/11\/Product_01_Exterior-2-768x432.jpg 768w, https:\/\/ch-designs.hu\/wp-content\/uploads\/2023\/11\/Product_01_Exterior-2-1536x864.jpg 1536w, https:\/\/ch-designs.hu\/wp-content\/uploads\/2023\/11\/Product_01_Exterior-2-2048x1152.jpg 2048w\" sizes=\"auto, (max-width: 1024px) 100vw, 1024px\" \/><\/figure>\n\n\n\n<figure class=\"wp-block-image size-large\"><img loading=\"lazy\" decoding=\"async\" width=\"1024\" height=\"576\" data-id=\"296\" src=\"https:\/\/ch-designs.hu\/wp-content\/uploads\/2023\/11\/Product_01_Exterior-4-1024x576.jpg\" alt=\"\" class=\"wp-image-296 img-fluid \" srcset=\"https:\/\/ch-designs.hu\/wp-content\/uploads\/2023\/11\/Product_01_Exterior-4-1024x576.jpg 1024w, https:\/\/ch-designs.hu\/wp-content\/uploads\/2023\/11\/Product_01_Exterior-4-300x169.jpg 300w, https:\/\/ch-designs.hu\/wp-content\/uploads\/2023\/11\/Product_01_Exterior-4-768x432.jpg 768w, https:\/\/ch-designs.hu\/wp-content\/uploads\/2023\/11\/Product_01_Exterior-4-1536x864.jpg 1536w, https:\/\/ch-designs.hu\/wp-content\/uploads\/2023\/11\/Product_01_Exterior-4-2048x1152.jpg 2048w\" sizes=\"auto, (max-width: 1024px) 100vw, 1024px\" \/><\/figure>\n\n\n\n<figure class=\"wp-block-image size-large\"><img loading=\"lazy\" decoding=\"async\" width=\"1024\" height=\"576\" data-id=\"298\" src=\"https:\/\/ch-designs.hu\/wp-content\/uploads\/2023\/11\/Product_01_Exterior-5-1024x576.jpg\" alt=\"\" class=\"wp-image-298 img-fluid \" srcset=\"https:\/\/ch-designs.hu\/wp-content\/uploads\/2023\/11\/Product_01_Exterior-5-1024x576.jpg 1024w, https:\/\/ch-designs.hu\/wp-content\/uploads\/2023\/11\/Product_01_Exterior-5-300x169.jpg 300w, https:\/\/ch-designs.hu\/wp-content\/uploads\/2023\/11\/Product_01_Exterior-5-768x432.jpg 768w, https:\/\/ch-designs.hu\/wp-content\/uploads\/2023\/11\/Product_01_Exterior-5-1536x864.jpg 1536w, https:\/\/ch-designs.hu\/wp-content\/uploads\/2023\/11\/Product_01_Exterior-5-2048x1152.jpg 2048w\" sizes=\"auto, (max-width: 1024px) 100vw, 1024px\" \/><\/figure>\n\n\n\n<figure class=\"wp-block-image size-large\"><img loading=\"lazy\" decoding=\"async\" width=\"1024\" height=\"576\" data-id=\"295\" src=\"https:\/\/ch-designs.hu\/wp-content\/uploads\/2023\/11\/Product_01_Exterior-7-1024x576.jpg\" alt=\"\" class=\"wp-image-295 img-fluid \" srcset=\"https:\/\/ch-designs.hu\/wp-content\/uploads\/2023\/11\/Product_01_Exterior-7-1024x576.jpg 1024w, https:\/\/ch-designs.hu\/wp-content\/uploads\/2023\/11\/Product_01_Exterior-7-300x169.jpg 300w, https:\/\/ch-designs.hu\/wp-content\/uploads\/2023\/11\/Product_01_Exterior-7-768x432.jpg 768w, https:\/\/ch-designs.hu\/wp-content\/uploads\/2023\/11\/Product_01_Exterior-7-1536x864.jpg 1536w, https:\/\/ch-designs.hu\/wp-content\/uploads\/2023\/11\/Product_01_Exterior-7-2048x1152.jpg 2048w\" sizes=\"auto, (max-width: 1024px) 100vw, 1024px\" \/><\/figure>\n\n\n\n<figure class=\"wp-block-image size-large\"><img loading=\"lazy\" decoding=\"async\" width=\"1024\" height=\"576\" data-id=\"293\" src=\"https:\/\/ch-designs.hu\/wp-content\/uploads\/2023\/11\/Product_01_Exterior-14-1024x576.jpg\" alt=\"\" class=\"wp-image-293 img-fluid \" srcset=\"https:\/\/ch-designs.hu\/wp-content\/uploads\/2023\/11\/Product_01_Exterior-14-1024x576.jpg 1024w, https:\/\/ch-designs.hu\/wp-content\/uploads\/2023\/11\/Product_01_Exterior-14-300x169.jpg 300w, https:\/\/ch-designs.hu\/wp-content\/uploads\/2023\/11\/Product_01_Exterior-14-768x432.jpg 768w, https:\/\/ch-designs.hu\/wp-content\/uploads\/2023\/11\/Product_01_Exterior-14-1536x864.jpg 1536w, https:\/\/ch-designs.hu\/wp-content\/uploads\/2023\/11\/Product_01_Exterior-14-2048x1152.jpg 2048w\" sizes=\"auto, (max-width: 1024px) 100vw, 1024px\" \/><\/figure>\n<\/figure>\n\n\n\n<hr class=\"wp-block-separator has-alpha-channel-opacity\"\/>\n\n\n\n<p class=\"has-text-align-center has-medium-font-size\">360\u00b0-os gal\u00e9ria<\/p>\n\n\n\n<div class=\"wp-block-group is-nowrap is-layout-flex wp-container-core-group-is-layout-ad2f72ca wp-block-group-is-layout-flex\">\n<figure style=\"width:500px;height:300px\" class=\"wp-block-algori-360-image-block-algori-360-image aligncenter\"><a-scene loading-screen=\"enabled: false;\" device-orientation-permission-ui=\"enabled: false\" embedded=\"\"><a-entity camera=\"\" look-controls=\"reverseMouseDrag: true\"><\/a-entity><a-sky src=\"https:\/\/ch-designs.hu\/wp-content\/uploads\/2023\/11\/Pan4-scaled.jpg\"><\/a-sky><\/a-scene><\/figure>\n\n\n\n<figure style=\"width:500px;height:300px\" class=\"wp-block-algori-360-image-block-algori-360-image aligncenter\"><a-scene loading-screen=\"enabled: false;\" device-orientation-permission-ui=\"enabled: false\" embedded=\"\"><a-entity camera=\"\" look-controls=\"reverseMouseDrag: true\"><\/a-entity><a-sky src=\"https:\/\/ch-designs.hu\/wp-content\/uploads\/2023\/11\/Pan-Prod_01-scaled.jpg\"><\/a-sky><\/a-scene><\/figure>\n<\/div>\n\n\n\n<hr class=\"wp-block-separator has-alpha-channel-opacity\"\/>\n\n\n\n<div style=\"height:100px\" aria-hidden=\"true\" class=\"wp-block-spacer\"><\/div>\n\n\n\n<p style=\"font-size:30px\"><strong>A 3D l\u00e1tv\u00e1nytervez\u00e9s folyamata<\/strong><\/p>\n\n\n\n<div style=\"height:50px\" aria-hidden=\"true\" class=\"wp-block-spacer\"><\/div>\n\n\n\n<div class=\"wp-block-kenzap-steps-1\" style=\"--paddings:0;--paddingsMin:0;--paddingsMinPx:0px;--textColor:#000\"><div class=\"kenzap-steps-1 block-1659471951936 kenzap-lg  \" style=\"background-image:none;background-position:center center;background-color:#FFF;padding:0px 0;--paddings:0;--paddingsMin:0;--paddingsMinPx:0px;--textColor:#000\"><div class=\"kenzap-container\" style=\"max-width:1170px;--maxWidth:1170  \"><div class=\"step-list\"><div class=\"kenzap-row\"><div class=\"kenzap-col-4\"><div class=\"step-box\"><div class=\"step-count\"><span style=\"background-color:#000;color:#FFF\">1<\/span><\/div><div class=\"step-content\"><h3 style=\"color:#000;font-size:25px\">Elk\u00c9pzel\u00e9s<\/h3><p style=\"color:#000;font-size:14px;line-height:25.900000000000002px\">A megkeres\u00e9s ut\u00e1n emailben, telefonon, szem\u00e9lyesen, vagy facebookon val\u00f3 egyeztet\u00e9s sor\u00e1n a megrendel\u0151 elk\u00e9pzel\u00e9seinek megismer\u00e9se. A 3D l\u00e1tv\u00e1nytervez\u00e9ssel kapcsolatos r\u00e9szletek szem\u00e9lyre szabottan ker\u00fclnek meghat\u00e1roz\u00e1sra. Itt sz\u00f3ba ker\u00fclnek a hat\u00e1rid\u0151k, valamint a megrendel\u0151 \u00f6tletei \u00e9s preferenci\u00e1i.<\/p><\/div><\/div><\/div><div class=\"kenzap-col-4\"><div class=\"step-box\"><div class=\"step-count\"><span style=\"background-color:#000;color:#FFF\">2<\/span><\/div><div class=\"step-content\"><h3 style=\"color:#000;font-size:25px\">ST\u00cdLUSTERV<\/h3><p style=\"color:#000;font-size:14px;line-height:25.900000000000002px\">A st\u00edlustervnek jelent\u0151s szerepe van a folyamat sor\u00e1n, az \u00f6tletek itt ker\u00fclnek \u00f6sszegz\u00e9sre: sz\u00ednvil\u00e1g, st\u00edlus, b\u00fatorok, kieg\u00e9sz\u00edt\u0151k, anyagok \u00e9s ezek illusztr\u00e1lt bemutat\u00e1sa.<\/p><\/div><\/div><\/div><div class=\"kenzap-col-4\"><div class=\"step-box\"><div class=\"step-count\"><span style=\"background-color:#000;color:#FFF\">3<\/span><\/div><div class=\"step-content\"><h3 style=\"color:#000;font-size:25px\">L\u00e1tv\u00e1nytervez\u00e9s<\/h3><p style=\"color:#000;font-size:14px;line-height:25.900000000000002px\">A 3D \u00e9p\u00edt\u00e9szeti l\u00e1tv\u00e1nytervez\u00e9s sor\u00e1n fontos, hogy a sz\u00fcks\u00e9ges inform\u00e1ci\u00f3k a megrendel\u00e9s ut\u00e1n, amint lehet, eljussanak hozz\u00e1m: \u00e9p\u00fcletek tervrajzai, vagy 3D szerkezeti modellje. A l\u00e1tv\u00e1nytervez\u00e9si folyamat sor\u00e1n  a megrendel\u0151vel folyamatos konzult\u00e1ci\u00f3 sz\u00fcks\u00e9ges. A 3D l\u00e1tv\u00e1nytervek befejez\u00e9se ut\u00e1n a terveket digit\u00e1lis form\u00e1ban, fot\u00f3realisztikus min\u0151s\u00e9gben ker\u00fclnek \u00e1tad\u00e1sra.<\/p><\/div><\/div><\/div><\/div><\/div><\/div><\/div><\/div>\n\n\n\n<hr class=\"wp-block-separator has-alpha-channel-opacity\"\/>\n\n\n\n<p style=\"font-size:30px\"><strong>Egyedi l\u00e1tv\u00e1nytervek<\/strong><\/p>\n\n\n\n<p style=\"font-size:18px\">A l\u00e1tv\u00e1nytervez\u00e9s hatalmas el\u0151nyt jelenthet egy v\u00e1llalkoz\u00e1s sz\u00e1m\u00e1ra, vagy mag\u00e1nszem\u00e9lynek csal\u00e1di h\u00e1z kivitelez\u00e9s\u00e9t megel\u0151z\u0151 tervez\u00e9sn\u00e9l, vagy b\u00fatorok berendez\u00e9s\u00e9nek tervez\u00e9s\u00e9n\u00e9l.&nbsp; A val\u00f3s\u00e1gh\u0171 k\u00e9pek el\u0151re megtekinthet\u0151v\u00e9 teszik a v\u00e1lasztott anyag-\u00e9s sz\u00ednhaszn\u00e1latot. <\/p>\n\n\n\n<p style=\"font-size:16px\">Egy j\u00f3 l\u00e1tv\u00e1nyterv az egyedis\u00e9g, az elk\u00e9pzel\u00e9sek meger\u0151s\u00edt\u00e9se mellett szem el\u0151tt tarja az ergon\u00f3mi\u00e1t, haszn\u00e1lhat\u00f3s\u00e1got. A 3D \u00e9p\u00edt\u00e9szeti l\u00e1tv\u00e1nytervez\u00e9s a sz\u00e1m\u00edt\u00f3g\u00e9pes grafika egy olyan m\u0171faja, amely sor\u00e1n magas min\u0151s\u00e9g\u0171, nagy felbont\u00e1s\u00fa tervek k\u00e9sz\u00fclnek a megrendel\u0151k sz\u00e1m\u00e1ra. Egy l\u00e1tv\u00e1nyterv nem csak a tervez\u00e9s folyamat\u00e1ban hasznos: rekl\u00e1mn\u00e1l, ingatlan hirdet\u00e9s\u00e9n\u00e9l, tervdokument\u00e1ci\u00f3n\u00e1l, p\u00e1ly\u00e1zati anyagn\u00e1l, vagy prezent\u00e1ci\u00f3n\u00e1l is j\u00f3l j\u00f6het.<\/p>\n\n\n\n<hr class=\"wp-block-separator has-alpha-channel-opacity\"\/>\n\n\n\n<p style=\"font-size:30px\"><strong>Szolg\u00e1ltat\u00e1sok<\/strong><\/p>\n\n\n\n<div style=\"height:50px\" aria-hidden=\"true\" class=\"wp-block-spacer\"><\/div>\n\n\n\n<div class=\"wp-block-columns is-layout-flex wp-container-core-columns-is-layout-9d6595d7 wp-block-columns-is-layout-flex\">\n<div class=\"wp-block-column is-layout-flow wp-block-column-is-layout-flow\">\n<h5 style=\"text-align: center;\"><strong>Csal\u00e1di h\u00e1z l\u00e1tv\u00e1nytervez\u00e9s<\/strong><\/h5>\n<p>A h\u00e1z\u00e9p\u00edt\u00e9s tervez\u00e9ssel kezd\u0151dik, ugyanakkor egy l\u00e1tv\u00e1nyterv seg\u00edt, hogy ez a terv az ig\u00e9nyeinknek megfelel\u0151en alakuljon ki. A 3D l\u00e1tv\u00e1nyterv seg\u00edts\u00e9g\u00e9vel k\u00e9pet kaphatunk arr\u00f3l, hogy milyen is lesz az \u00e1ltalunk elk\u00e9pzelt otthonunk. L\u00e1tv\u00e1nytervvel k\u00f6nnyebb eld\u00f6nteni, hogy milyen legyen az \u00e9p\u00fclet sz\u00edn\u00f6ssze\u00e1ll\u00edt\u00e1sa, \u00e9s az esetleges formai m\u00f3dos\u00edt\u00e1sokat is egyszer\u0171bb elv\u00e9gezni. Megl\u00e9v\u0151 telek eset\u00e9n alkalmazhat\u00f3 &#8220;el\u0151tte-ut\u00e1na&#8221; technika dr\u00f3nfelv\u00e9telek seg\u00edts\u00e9g\u00e9vel. Dr\u00f3n seg\u00edts\u00e9g\u00e9vel 4K felbont\u00e1s\u00fa felv\u00e9teleket k\u00e9sz\u00fclnek a leend\u0151 \u00e9p\u00fclet helysz\u00edn\u00e9r\u0151l, annak k\u00f6rnyezet\u00e9t\u00e9vel. Az elk\u00e9sz\u00edtett dr\u00f3n felv\u00e9telekbe beilleszt\u00e9sre ker\u00fcl a megmodellezett \u00e9p\u00fclet.<\/p>\n<\/div>\n\n\n\n<div class=\"wp-block-column is-layout-flow wp-block-column-is-layout-flow\">\n<h5 style=\"text-align: center;\"><strong>Bels\u0151\u00e9p\u00edt\u00e9szeti l\u00e1tv\u00e1nytervez\u00e9s<\/strong><\/h5>\n<p style=\"text-align: left;\">A bels\u0151 l\u00e1tv\u00e1nytervekkel lakberendez\u0151k \u00e9s bels\u0151\u00e9p\u00edt\u00e9szek munk\u00e1j\u00e1t seg\u00edthetj\u00fck azzal, hogy a bels\u0151\u00e9p\u00edt\u00e9szeti tervek alapj\u00e1n megjelen\u00edts\u00fck az elk\u00e9pzel\u00e9seket. Seg\u00edt d\u00f6nteni, hogy megfelel-e az elk\u00e9pzelt sz\u00ednvil\u00e1g, vagy az egyes funkci\u00f3k a val\u00f3s\u00e1gban is megfelel\u0151en vannak-e kialak\u00edtva. Bels\u0151 l\u00e1tv\u00e1nytervekhez k\u00e9rhet\u0151 a 3D alaprajz szolg\u00e1ltat\u00e1s is, ami seg\u00edt az \u00e9p\u00edt\u00e9szeti tervrajzokn\u00e1l l\u00e1tv\u00e1nyosabban prezent\u00e1lni egy teljes ingatlan berendezett \u00e1llapot\u00e1t, r\u00e9szletesen bemutatva a b\u00fatorokat, j\u00f3l \u00e9rz\u00e9keltetve az ar\u00e1nyokat.&nbsp;<\/p>\n<\/div>\n\n\n\n<div class=\"wp-block-column is-layout-flow wp-block-column-is-layout-flow\">\n<h5 style=\"text-align: center;\"><strong>Konyhab\u00fator, b\u00fator l\u00e1tv\u00e1nytervez\u00e9s<\/strong><\/h5>\n<p>A konyha kivitelez\u00e9se el\u0151tt \u00e9rdemes l\u00e1tv\u00e1nytervet k\u00e9sz\u00edttetni, amely seg\u00edts\u00e9g\u00e9vel m\u00e9g a gy\u00e1rt\u00e1s vagy v\u00e1s\u00e1rl\u00e1s el\u0151tt k\u00f6nnyen tud v\u00e1ltoztatni a sz\u00edneken, form\u00e1kon, anyagokon, a munkapult \u00e9s az egyes be\u00e9p\u00edtett g\u00e9pek praktikus elhelyezked\u00e9s\u00e9n. Egyedi, de ak\u00e1r IKEA b\u00fatorok eset\u00e9n val\u00f3s k\u00f6rnyezetbe helyezve bemutatni az elk\u00e9pzel\u00e9st.<\/p>\n<\/div>\n<\/div>\n\n\n\n<hr class=\"wp-block-separator has-alpha-channel-opacity\"\/>\n\n\n\n<div class=\"wp-block-buttons is-layout-flex wp-block-buttons-is-layout-flex\">\n<div class=\"wp-block-button\"><a class=\"wp-block-button__link wp-element-button\" href=\"https:\/\/ch-designs.hu\/?page_id=88\">\u00c1rak<\/a><\/div>\n<\/div>\n\n\n\n<hr class=\"wp-block-separator has-alpha-channel-opacity\"\/>\n\n\n\n<p style=\"font-size:30px\"><strong>Kapcsolat<\/strong><\/p>\n\n\n\n<p style=\"font-size:16px\">Bakos Kriszti\u00e1n E.V.<\/p>\n\n\n\n<p style=\"font-size:16px\">Ad\u00f3sz\u00e1m: 58994746-1-27<\/p>\n\n\n\n<p style=\"font-size:16px\">Email: chdesigns.iroda@gmail.com<\/p>\n\n\n\n<p style=\"font-size:16px\">Telefon: +36 20 257 4489<\/p>\n\n\n\n<p style=\"font-size:30px\"><strong>Dokumentumok<\/strong><\/p>\n\n\n\n<div class=\"wp-block-file\"><a id=\"wp-block-file--media-d0e21be6-f567-407c-8923-5e20ad81d9d1\" href=\"https:\/\/ch-designs.hu\/wp-content\/uploads\/2022\/08\/Altalanos-Szerzodesi-Feltetelek-2022.pdf\" target=\"_blank\" rel=\"noreferrer noopener\">Altalanos-Szerzodesi-Feltetelek-2022<\/a><a href=\"https:\/\/ch-designs.hu\/wp-content\/uploads\/2022\/08\/Altalanos-Szerzodesi-Feltetelek-2022.pdf\" class=\"wp-block-file__button wp-element-button\" download aria-describedby=\"wp-block-file--media-d0e21be6-f567-407c-8923-5e20ad81d9d1\">Let\u00f6lt\u00e9s<\/a><\/div>\n\n\n\n<div class=\"wp-block-file\"><a id=\"wp-block-file--media-3a55b20a-6923-461e-b903-42f7b21c28f4\" href=\"https:\/\/ch-designs.hu\/wp-content\/uploads\/2023\/12\/Latvanytervezes-Arlista-2024.pdf\" target=\"_blank\" rel=\"noreferrer noopener\">Latvanytervezes-Arlista-2024<\/a><a href=\"https:\/\/ch-designs.hu\/wp-content\/uploads\/2023\/12\/Latvanytervezes-Arlista-2024.pdf\" class=\"wp-block-file__button wp-element-button\" download aria-describedby=\"wp-block-file--media-3a55b20a-6923-461e-b903-42f7b21c28f4\">Let\u00f6lt\u00e9s<\/a><\/div>\n","protected":false},"excerpt":{"rendered":"<p>Egy 3D l\u00e1tv\u00e1nyterv val\u00f3s\u00e1gh\u0171en jelen\u00edti meg elk\u00e9pzel\u00e9seinket. Seg\u00edtenek a d\u00f6nt\u00e9sben, \u00e9s vizu\u00e1lis seg\u00edts\u00e9get ny\u00fajtanak a megrendel\u0151nek \u00e9s az \u00e9p\u00edt\u0151ipari v\u00e1llalkoz\u00f3nak &hellip; <\/p>\n<p class=\"link-more\"><a href=\"https:\/\/ch-designs.hu\/?page_id=29\" class=\"more-link fw-bold\"><span class=\"more-link-arrow me-2 position-relative rounded-circle d-inline-block\"><\/span> Continue reading<span class=\"screen-reader-text\"> &#8220;L\u00e1tv\u00e1nytervez\u00e9s&#8221;<\/span><\/a><\/p>\n","protected":false},"author":1,"featured_media":0,"parent":0,"menu_order":0,"comment_status":"closed","ping_status":"closed","template":"","meta":{"footnotes":""},"class_list":["post-29","page","type-page","status-publish","hentry"],"_links":{"self":[{"href":"https:\/\/ch-designs.hu\/index.php?rest_route=\/wp\/v2\/pages\/29","targetHints":{"allow":["GET"]}}],"collection":[{"href":"https:\/\/ch-designs.hu\/index.php?rest_route=\/wp\/v2\/pages"}],"about":[{"href":"https:\/\/ch-designs.hu\/index.php?rest_route=\/wp\/v2\/types\/page"}],"author":[{"embeddable":true,"href":"https:\/\/ch-designs.hu\/index.php?rest_route=\/wp\/v2\/users\/1"}],"replies":[{"embeddable":true,"href":"https:\/\/ch-designs.hu\/index.php?rest_route=%2Fwp%2Fv2%2Fcomments&post=29"}],"version-history":[{"count":52,"href":"https:\/\/ch-designs.hu\/index.php?rest_route=\/wp\/v2\/pages\/29\/revisions"}],"predecessor-version":[{"id":321,"href":"https:\/\/ch-designs.hu\/index.php?rest_route=\/wp\/v2\/pages\/29\/revisions\/321"}],"wp:attachment":[{"href":"https:\/\/ch-designs.hu\/index.php?rest_route=%2Fwp%2Fv2%2Fmedia&parent=29"}],"curies":[{"name":"wp","href":"https:\/\/api.w.org\/{rel}","templated":true}]}}