{"id":26,"date":"2022-08-07T15:53:09","date_gmt":"2022-08-07T15:53:09","guid":{"rendered":"https:\/\/ch-designs.hu\/?page_id=26"},"modified":"2023-12-04T19:39:18","modified_gmt":"2023-12-04T19:39:18","slug":"dronozas-fotozas","status":"publish","type":"page","link":"https:\/\/ch-designs.hu\/?page_id=26","title":{"rendered":"Dr\u00f3noz\u00e1s\/Fot\u00f3z\u00e1s"},"content":{"rendered":"\n<p style=\"font-size:18px\">4K l\u00e9gifot\u00f3z\u00e1s \u00e9s HD vide\u00f3z\u00e1s &#8211; dr\u00f3noz\u00e1si szolg\u00e1ltat\u00e1s ipari, mez\u0151gazdas\u00e1gi c\u00e9lokra, vagy mag\u00e1nszem\u00e9lyek r\u00e9sz\u00e9re. A nagyfelbont\u00e1s\u00fa k\u00e9pek, vide\u00f3k seg\u00edts\u00e9g\u00e9vel felm\u00e9rhet\u0151 \u00e9s dokument\u00e1lhat\u00f3 \u00e9p\u00fcletek, \u00e9p\u00edt\u00e9si telkek, mez\u0151gazdas\u00e1gi ter\u00fcletek \u00e1llapota olyan szemsz\u00f6gb\u0151l, ami m\u00e1s megold\u00e1sokkal magasabb k\u00f6lts\u00e9get \u00e9s t\u00f6bb id\u0151t ig\u00e9nyelne.<\/p>\n\n\n\n<ul class=\"wp-block-list\">\n<li>Rendezv\u00e9nyek: zenei, c\u00e9ges vagy egy\u00e9b rendezv\u00e9nyek dokument\u00e1l\u00e1sa, r\u00e9sztvev\u0151k dokument\u00e1l\u00e1sa, statisztik\u00e1k k\u00e9sz\u00edt\u00e9se<\/li>\n\n\n\n<li>Mez\u0151gazdas\u00e1g: vadk\u00e1r, elemi k\u00e1rok dokument\u00e1l\u00e1sa<\/li>\n\n\n\n<li>Ingatlan: ingatlan \u00e1llapotfelm\u00e9r\u00e9shez felv\u00e9telek k\u00e9sz\u00edt\u00e9se leveg\u0151b\u0151l<\/li>\n\n\n\n<li>\u00c9p\u00edt\u0151ipar: vesz\u00e9lyes k\u00f6r\u00fclm\u00e9nyek k\u00f6z\u00f6tt is biztons\u00e1gos l\u00e9gifelv\u00e9telek k\u00e9sz\u00edt\u00e9se<\/li>\n\n\n\n<li>Belt\u00e9ri dr\u00f3noz\u00e1s: rakt\u00e1r\u00e9p\u00fcletek, \u00fczemcsarnokok<\/li>\n\n\n\n<li>Egyedi megold\u00e1sok<\/li>\n<\/ul>\n\n\n\n<div data-video-id=\"\" class='wp-block-html5-player-video html5_video_players' class=\"wp-block-html5-player-video\" data-nonce=\"\n    a3cf0e55f5\" data-attributes=\"\n    {&quot;uniqueId&quot;:&quot;h5vp0b699749&quot;,&quot;source&quot;:&quot;https:\\\/\\\/youtu.be\\\/r7rcFq-CMrE&quot;,&quot;poster&quot;:&quot;https:\\\/\\\/ch-designs.hu\\\/wp-content\\\/uploads\\\/2022\\\/08\\\/Clip_Drone.jpg&quot;,&quot;controls&quot;:{&quot;play-large&quot;:true,&quot;restart&quot;:true,&quot;rewind&quot;:true,&quot;play&quot;:true,&quot;fast-forward&quot;:true,&quot;progress&quot;:true,&quot;current-time&quot;:true,&quot;duration&quot;:false,&quot;mute&quot;:true,&quot;volume&quot;:true,&quot;pip&quot;:false,&quot;airplay&quot;:false,&quot;settings&quot;:true,&quot;download&quot;:false,&quot;fullscreen&quot;:true},&quot;radius&quot;:{&quot;number&quot;:30,&quot;unit&quot;:&quot;px&quot;},&quot;repeat&quot;:true,&quot;provider&quot;:&quot;self-hosted&quot;,&quot;imported&quot;:false,&quot;options&quot;:{&quot;controls&quot;:[&quot;play-large&quot;,&quot;play&quot;,&quot;progress&quot;,&quot;current-time&quot;,&quot;mute&quot;,&quot;volume&quot;,&quot;captions&quot;,&quot;settings&quot;,&quot;airplay&quot;,&quot;fullscreen&quot;],&quot;settings&quot;:[&quot;captions&quot;,&quot;quality&quot;,&quot;speed&quot;,&quot;loop&quot;],&quot;loadSprite&quot;:true,&quot;autoplay&quot;:false,&quot;playsinline&quot;:true,&quot;seekTime&quot;:10,&quot;volume&quot;:1,&quot;muted&quot;:false,&quot;hideControls&quot;:true,&quot;resetOnEnd&quot;:false,&quot;tooltips&quot;:{&quot;controls&quot;:true,&quot;seek&quot;:true},&quot;captions&quot;:{&quot;active&quot;:true,&quot;language&quot;:&quot;auto&quot;,&quot;update&quot;:true},&quot;ratio&quot;:null,&quot;storage&quot;:{&quot;enabled&quot;:true,&quot;key&quot;:&quot;plyr&quot;},&quot;speed&quot;:{&quot;options&quot;:[0.5,0.75,1,1.25,1.5,1.75,2,4]},&quot;loop&quot;:{&quot;active&quot;:false},&quot;ads&quot;:{&quot;enabled&quot;:true,&quot;tagUrl&quot;:null},&quot;urls&quot;:{&quot;enabled&quot;:false,&quot;download&quot;:null},&quot;markers&quot;:{&quot;enabled&quot;:false,&quot;points&quot;:[]},&quot;preload&quot;:&quot;metadata&quot;},&quot;features&quot;:{&quot;popup&quot;:{&quot;enabled&quot;:false,&quot;selector&quot;:null,&quot;hasBtn&quot;:false,&quot;type&quot;:&quot;button&quot;,&quot;btnText&quot;:&quot;Watch Video&quot;,&quot;align&quot;:&quot;center&quot;,&quot;btnStyle&quot;:[],&quot;isTrigger&quot;:false},&quot;overlay&quot;:{&quot;enabled&quot;:false,&quot;items&quot;:[{&quot;color&quot;:&quot;#fff&quot;,&quot;backgroundColor&quot;:&quot;#333&quot;,&quot;fontSize&quot;:&quot;16px&quot;,&quot;link&quot;:&quot;&quot;,&quot;logo&quot;:&quot;&quot;,&quot;text&quot;:&quot;Simple Text&quot;,&quot;position&quot;:&quot;top_right&quot;,&quot;type&quot;:&quot;text&quot;,&quot;opacity&quot;:1}]},&quot;endScreen&quot;:{&quot;enabled&quot;:false,&quot;text&quot;:&quot;Simple Text&quot;,&quot;btnText&quot;:&quot;Visit&quot;,&quot;btnLink&quot;:&quot;&quot;,&quot;btnStyle&quot;:[]},&quot;thumbInPause&quot;:{&quot;enabled&quot;:false,&quot;type&quot;:&quot;default&quot;},&quot;watermark&quot;:{&quot;enabled&quot;:false,&quot;type&quot;:&quot;email&quot;,&quot;text&quot;:&quot;&quot;,&quot;color&quot;:&quot;#f00&quot;},&quot;passwordProtected&quot;:{&quot;enabled&quot;:false,&quot;errorMessage&quot;:&quot;Password didn&#039;t matched&quot;,&quot;heading&quot;:&quot;Please Entire the password to access the video&quot;,&quot;button&quot;:{&quot;text&quot;:&quot;Access&quot;,&quot;color&quot;:&quot;#222&quot;,&quot;backgroundColor&quot;:&quot;#ffffffe3&quot;},&quot;password&quot;:null},&quot;sticky&quot;:{&quot;enabled&quot;:false,&quot;position&quot;:&quot;top_right&quot;},&quot;playWhenVisible&quot;:false,&quot;disablePause&quot;:false,&quot;hideYoutubeUI&quot;:false,&quot;startTime&quot;:null,&quot;hideLoadingPlaceholder&quot;:false,&quot;saveState&quot;:false},&quot;onlyLoggedIn&quot;:{&quot;whoCanSeeThisVideo&quot;:&quot;everyone&quot;,&quot;allowedRoles&quot;:[],&quot;message&quot;:&quot;This video is only for registered users. Please login to watch the video.&quot;},&quot;seo&quot;:{&quot;title&quot;:&quot;&quot;,&quot;description&quot;:&quot;&quot;,&quot;duration&quot;:&quot;&quot;},&quot;quality&quot;:[],&quot;subtitle&quot;:[{&quot;label&quot;:&quot;English\\\/en&quot;,&quot;caption_file&quot;:&quot;&quot;}],&quot;thumbInPause&quot;:false,&quot;hideYoutubeUI&quot;:false,&quot;autoplayWhenVisible&quot;:false,&quot;styles&quot;:{&quot;plyr_wrapper&quot;:{&quot;width&quot;:&quot;100%&quot;,&quot;borderRadius&quot;:&quot;0px&quot;,&quot;overflow&quot;:&quot;hidden&quot;},&quot;.plyr&quot;:{&quot;--plyr-color-main&quot;:&quot;#00b2ff&quot;}},&quot;CSS&quot;:&quot;&quot;,&quot;isCDURL&quot;:false,&quot;posterTime&quot;:20,&quot;chapters&quot;:[],&quot;brandColor&quot;:&quot;#00B3FF&quot;,&quot;width&quot;:{&quot;deprecated&quot;:true,&quot;number&quot;:100,&quot;unit&quot;:&quot;%&quot;},&quot;autoplay&quot;:false,&quot;muted&quot;:false,&quot;sticky&quot;:false,&quot;stickyPosition&quot;:&quot;top-right&quot;,&quot;popup&quot;:false,&quot;popupType&quot;:&quot;button&quot;,&quot;playsinline&quot;:false,&quot;popupBtnStyle&quot;:[],&quot;popupBtnText&quot;:&quot;Watch Video&quot;,&quot;disablePause&quot;:false,&quot;thumbStyle&quot;:&quot;default&quot;,&quot;resetOnEnd&quot;:false,&quot;autoHideControl&quot;:true,&quot;protected&quot;:false,&quot;protectedText&quot;:&quot;Please enter password to wath the video&quot;,&quot;seekTime&quot;:10,&quot;startTime&quot;:0,&quot;preload&quot;:&quot;metadata&quot;,&quot;overlay&quot;:false,&quot;overlayType&quot;:&quot;text&quot;,&quot;overlayText&quot;:&quot;Simple Text&quot;,&quot;overlayPosition&quot;:&quot;top_right&quot;,&quot;overlayBackground&quot;:&quot;#333&quot;,&quot;overlayOpacity&quot;:0.80000000000000004,&quot;overlayTextColor&quot;:&quot;#ffffff&quot;,&quot;overlayFontSize&quot;:{&quot;number&quot;:20,&quot;unit&quot;:&quot;px&quot;},&quot;overlayTextHoverColor&quot;:&quot;#ffffff&quot;,&quot;endScreen&quot;:{&quot;enabled&quot;:false,&quot;text&quot;:&quot;Simple Text&quot;,&quot;btnText&quot;:&quot;Click Here&quot;,&quot;btnLink&quot;:&quot;&quot;,&quot;btnStyle&quot;:[]},&quot;endscreen&quot;:false,&quot;endscreenText&quot;:&quot;Endscreen text&quot;,&quot;endscreenTextLink&quot;:&quot;#&quot;,&quot;streaming&quot;:false,&quot;streamingType&quot;:&quot;hls&quot;,&quot;speed&quot;:{&quot;1&quot;:true,&quot;2&quot;:true,&quot;3&quot;:true,&quot;0.5&quot;:true,&quot;0.75&quot;:true,&quot;1.25&quot;:true,&quot;1.5&quot;:true,&quot;1.75&quot;:true,&quot;2.5&quot;:true},&quot;captionEnabled&quot;:false,&quot;saveState&quot;:false}\" data-preset=\"\n    null\">\n            <style>\n            .preload_poster svg {\n                background: var(--plyr-video-control-background-hover, var(--plyr-color-main, var(--plyr-color-main,\n                                #1ABAFF                            )));\n                border: 0;\n                border-radius: 100%;\n                left: 50%;\n                opacity: .9;\n                padding: calc(var(--plyr-control-spacing, 8px) * 1.5);\n                position: absolute;\n                top: 50%;\n                transform: translate(-50%, -50%);\n                transition: .3s;\n                z-index: 2;\n                box-sizing: content-box;\n                fill: #fff;\n            }\n\n            .preload_poster {\n                display:\n                    block            }\n        <\/style>\n        <div class=\"preload_poster\"\n            style=\"overflow:hidden;aspect-ratio:16\/9;background-image:url(https:\/\/ch-designs.hu\/wp-content\/uploads\/2022\/08\/Clip_Drone.jpg)\">\n            <svg width=\"24px\" height=\"24px\" viewBox=\"0 0 15 15\" fill=\"none\" xmlns=\"http:\/\/www.w3.org\/2000\/svg\">\n                <path\n                    d=\"M4.79062 2.09314C4.63821 1.98427 4.43774 1.96972 4.27121 2.05542C4.10467 2.14112 4 2.31271 4 2.5V12.5C4 12.6873 4.10467 12.8589 4.27121 12.9446C4.43774 13.0303 4.63821 13.0157 4.79062 12.9069L11.7906 7.90687C11.922 7.81301 12 7.66148 12 7.5C12 7.33853 11.922 7.18699 11.7906 7.09314L4.79062 2.09314Z\" \/>\n            <\/svg>\n        <\/div>\n        <\/div>\n\n\n<hr class=\"wp-block-separator has-alpha-channel-opacity\"\/>\n\n\n\n<div class=\"wp-block-buttons is-layout-flex wp-block-buttons-is-layout-flex\">\n<div class=\"wp-block-button\"><a class=\"wp-block-button__link wp-element-button\" href=\"https:\/\/ch-designs.hu\/?page_id=88\">\u00c1rak<\/a><\/div>\n<\/div>\n\n\n\n<hr class=\"wp-block-separator has-alpha-channel-opacity\"\/>\n\n\n\n<p style=\"font-size:30px\"><strong>Kapcsolat<\/strong><\/p>\n\n\n\n<p style=\"font-size:16px\">Bakos Kriszti\u00e1n E.V.<\/p>\n\n\n\n<p style=\"font-size:16px\">Ad\u00f3sz\u00e1m: 58994746-1-27<\/p>\n\n\n\n<p style=\"font-size:16px\">Email: chdesigns.iroda@gmail.com<\/p>\n\n\n\n<p style=\"font-size:16px\">Telefon: +36 20 257 4489<\/p>\n\n\n\n<p style=\"font-size:30px\"><strong>Dokumentumok<\/strong><\/p>\n\n\n\n<div class=\"wp-block-file\"><a id=\"wp-block-file--media-e9974a87-a5a1-445d-a459-d36c3193ffd6\" href=\"https:\/\/ch-designs.hu\/wp-content\/uploads\/2022\/08\/Altalanos-Szerzodesi-Feltetelek-2022-dronozas-es-fenykepezes.pdf\">Altalanos-Szerzodesi-Feltetelek-2022-dronozas-es-fenykepezes<\/a><a href=\"https:\/\/ch-designs.hu\/wp-content\/uploads\/2022\/08\/Altalanos-Szerzodesi-Feltetelek-2022-dronozas-es-fenykepezes.pdf\" class=\"wp-block-file__button wp-element-button\" download aria-describedby=\"wp-block-file--media-e9974a87-a5a1-445d-a459-d36c3193ffd6\">Let\u00f6lt\u00e9s<\/a><\/div>\n\n\n\n<div class=\"wp-block-file\"><a id=\"wp-block-file--media-62b0d7cd-a78c-447d-903a-cd4588aa691f\" href=\"https:\/\/ch-designs.hu\/wp-content\/uploads\/2023\/12\/Dronozas-es-Fenykepezes-Arlista-2024.pdf\" target=\"_blank\" rel=\"noreferrer noopener\">Dronozas-es-Fenykepezes-Arlista-2024<\/a><a href=\"https:\/\/ch-designs.hu\/wp-content\/uploads\/2023\/12\/Dronozas-es-Fenykepezes-Arlista-2024.pdf\" class=\"wp-block-file__button wp-element-button\" download aria-describedby=\"wp-block-file--media-62b0d7cd-a78c-447d-903a-cd4588aa691f\">Let\u00f6lt\u00e9s<\/a><\/div>\n","protected":false},"excerpt":{"rendered":"<p>4K l\u00e9gifot\u00f3z\u00e1s \u00e9s HD vide\u00f3z\u00e1s &#8211; dr\u00f3noz\u00e1si szolg\u00e1ltat\u00e1s ipari, mez\u0151gazdas\u00e1gi c\u00e9lokra, vagy mag\u00e1nszem\u00e9lyek r\u00e9sz\u00e9re. A nagyfelbont\u00e1s\u00fa k\u00e9pek, vide\u00f3k seg\u00edts\u00e9g\u00e9vel felm\u00e9rhet\u0151 &hellip; <\/p>\n<p class=\"link-more\"><a href=\"https:\/\/ch-designs.hu\/?page_id=26\" class=\"more-link fw-bold\"><span class=\"more-link-arrow me-2 position-relative rounded-circle d-inline-block\"><\/span> Continue reading<span class=\"screen-reader-text\"> &#8220;Dr\u00f3noz\u00e1s\/Fot\u00f3z\u00e1s&#8221;<\/span><\/a><\/p>\n","protected":false},"author":1,"featured_media":0,"parent":0,"menu_order":0,"comment_status":"closed","ping_status":"closed","template":"","meta":{"footnotes":""},"class_list":["post-26","page","type-page","status-publish","hentry"],"_links":{"self":[{"href":"https:\/\/ch-designs.hu\/index.php?rest_route=\/wp\/v2\/pages\/26","targetHints":{"allow":["GET"]}}],"collection":[{"href":"https:\/\/ch-designs.hu\/index.php?rest_route=\/wp\/v2\/pages"}],"about":[{"href":"https:\/\/ch-designs.hu\/index.php?rest_route=\/wp\/v2\/types\/page"}],"author":[{"embeddable":true,"href":"https:\/\/ch-designs.hu\/index.php?rest_route=\/wp\/v2\/users\/1"}],"replies":[{"embeddable":true,"href":"https:\/\/ch-designs.hu\/index.php?rest_route=%2Fwp%2Fv2%2Fcomments&post=26"}],"version-history":[{"count":27,"href":"https:\/\/ch-designs.hu\/index.php?rest_route=\/wp\/v2\/pages\/26\/revisions"}],"predecessor-version":[{"id":316,"href":"https:\/\/ch-designs.hu\/index.php?rest_route=\/wp\/v2\/pages\/26\/revisions\/316"}],"wp:attachment":[{"href":"https:\/\/ch-designs.hu\/index.php?rest_route=%2Fwp%2Fv2%2Fmedia&parent=26"}],"curies":[{"name":"wp","href":"https:\/\/api.w.org\/{rel}","templated":true}]}}