{"id":2,"date":"2022-06-02T15:46:09","date_gmt":"2022-06-02T15:46:09","guid":{"rendered":"http:\/\/ch-designs.hu\/?page_id=2"},"modified":"2022-08-15T06:12:57","modified_gmt":"2022-08-15T06:12:57","slug":"kezdolap","status":"publish","type":"page","link":"https:\/\/ch-designs.hu\/","title":{"rendered":"Kezd\u0151lap"},"content":{"rendered":"\n<p style=\"font-size:18px\">A 3D l\u00e1tv\u00e1nytervez\u00e9s seg\u00edts\u00e9g\u00e9vel a megrendelt \u00e9p\u00fclet virtu\u00e1lis, vagy val\u00f3di k\u00f6rnyezet\u00e9be helyezve szeml\u00e9lhetj\u00fck, legyen sz\u00f3 ak\u00e1r egy komplett csal\u00e1di h\u00e1z terveir\u0151l, vagy egy t\u00e1rsash\u00e1z bels\u0151 elrendez\u00e9s\u00e9r\u0151l. A val\u00f3s\u00e1gh\u0171, vagy ak\u00e1r stiliz\u00e1lt \u00e9p\u00edt\u00e9szeti l\u00e1tv\u00e1nytervek seg\u00edthetnek a sikeresebb ingatlan\u00e9rt\u00e9kes\u00edt\u00e9sben, az \u00e9p\u00edtkez\u00e9s megkezd\u00e9se el\u0151tt, vagy ut\u00e1n.<\/p>\n\n\n\n<p style=\"font-size:18px\">El\u00e9rhet\u0151 szolg\u00e1ltat\u00e1saim k\u00f6r\u00e9be tartozik a dr\u00f3nfot\u00f3z\u00e1s ipari, mez\u0151gazdas\u00e1gi vagy polg\u00e1ri c\u00e9lokra is.<\/p>\n\n\n\n<hr class=\"wp-block-separator has-alpha-channel-opacity\"\/>\n\n\n\n<div class=\"wp-block-columns are-vertically-aligned-center is-layout-flex wp-container-core-columns-is-layout-9d6595d7 wp-block-columns-is-layout-flex\">\n<div class=\"wp-block-column is-vertically-aligned-center is-layout-flow wp-block-column-is-layout-flow\" style=\"flex-basis:100%\">\n<div class=\"wp-block-columns is-layout-flex wp-container-core-columns-is-layout-9d6595d7 wp-block-columns-is-layout-flex\">\n<div class=\"wp-block-column is-layout-flow wp-block-column-is-layout-flow\"><a class=\"iheg-wrapper\" href=\"https:\/\/ch-designs.hu\/?page_id=29&#038;preview=true\"  ><div class=\"eihe-box eihe-push-up\" style=\"background: #000;border-radius:0px 0px 0px 0px;\"><img decoding=\"async\" src=\"https:\/\/ch-designs.hu\/wp-content\/uploads\/2022\/08\/Index_Design2.jpg\" alt=\"\"\/><div class=\"eihe-caption\" style=\"background: #000;\"><div class=\"eihe-title-cover\"><h3 class=\"eihe-title\">L\u00e1tv\u00e1nytervez\u00e9s<\/h3>\t<\/div><p><\/p><\/div><\/div><\/a><\/div>\n\n\n\n<div class=\"wp-block-column is-layout-flow wp-block-column-is-layout-flow\"><a class=\"iheg-wrapper\" href=\"https:\/\/ch-designs.hu\/?page_id=26&#038;preview=true\"  ><div class=\"eihe-box eihe-push-down\" style=\"background: #000;border-radius:0px 0px 0px 0px;\"><img decoding=\"async\" src=\"https:\/\/ch-designs.hu\/wp-content\/uploads\/2022\/08\/Index_Drone-1.jpg\" alt=\"\"\/><div class=\"eihe-caption\" style=\"background: #000;\"><div class=\"eihe-title-cover\"><h3 class=\"eihe-title\">Dr\u00f3noz\u00e1s<\/h3>\t<\/div><p><\/p><\/div><\/div><\/a><\/div>\n<\/div>\n<\/div>\n<\/div>\n\n\n\n<h2 class=\"wp-block-heading\">Kapcsolat<\/h2>\n\n\n\n<div style=\"height:100px\" aria-hidden=\"true\" class=\"wp-block-spacer\"><\/div>\n\n\n\n<h5 class=\"wp-block-heading\">Bakos Kriszti\u00e1n E.V.<\/h5>\n\n\n\n<hr class=\"wp-block-separator has-alpha-channel-opacity\"\/>\n\n\n\n<h5 class=\"wp-block-heading\">Ad\u00f3sz\u00e1m: 58994746-1-27<\/h5>\n\n\n\n<hr class=\"wp-block-separator has-alpha-channel-opacity\"\/>\n\n\n\n<h5 class=\"wp-block-heading\">Email: chdesigns.iroda@gmail.com<\/h5>\n\n\n\n<hr class=\"wp-block-separator has-alpha-channel-opacity\"\/>\n\n\n\n<h5 class=\"wp-block-heading\">Telefon: +36 20 257 4489<\/h5>\n\n\n\n<hr class=\"wp-block-separator has-alpha-channel-opacity\"\/>\n\n\n\n<h5 class=\"wp-block-heading\">Sz\u00e9kesfeh\u00e9rv\u00e1r<\/h5>\n","protected":false},"excerpt":{"rendered":"<p>A 3D l\u00e1tv\u00e1nytervez\u00e9s seg\u00edts\u00e9g\u00e9vel a megrendelt \u00e9p\u00fclet virtu\u00e1lis, vagy val\u00f3di k\u00f6rnyezet\u00e9be helyezve szeml\u00e9lhetj\u00fck, legyen sz\u00f3 ak\u00e1r egy komplett csal\u00e1di h\u00e1z &hellip; <\/p>\n<p class=\"link-more\"><a href=\"https:\/\/ch-designs.hu\/\" class=\"more-link fw-bold\"><span class=\"more-link-arrow me-2 position-relative rounded-circle d-inline-block\"><\/span> Continue reading<span class=\"screen-reader-text\"> &#8220;Kezd\u0151lap&#8221;<\/span><\/a><\/p>\n","protected":false},"author":1,"featured_media":0,"parent":0,"menu_order":0,"comment_status":"closed","ping_status":"closed","template":"","meta":{"footnotes":""},"class_list":["post-2","page","type-page","status-publish","hentry"],"_links":{"self":[{"href":"https:\/\/ch-designs.hu\/index.php?rest_route=\/wp\/v2\/pages\/2","targetHints":{"allow":["GET"]}}],"collection":[{"href":"https:\/\/ch-designs.hu\/index.php?rest_route=\/wp\/v2\/pages"}],"about":[{"href":"https:\/\/ch-designs.hu\/index.php?rest_route=\/wp\/v2\/types\/page"}],"author":[{"embeddable":true,"href":"https:\/\/ch-designs.hu\/index.php?rest_route=\/wp\/v2\/users\/1"}],"replies":[{"embeddable":true,"href":"https:\/\/ch-designs.hu\/index.php?rest_route=%2Fwp%2Fv2%2Fcomments&post=2"}],"version-history":[{"count":34,"href":"https:\/\/ch-designs.hu\/index.php?rest_route=\/wp\/v2\/pages\/2\/revisions"}],"predecessor-version":[{"id":256,"href":"https:\/\/ch-designs.hu\/index.php?rest_route=\/wp\/v2\/pages\/2\/revisions\/256"}],"wp:attachment":[{"href":"https:\/\/ch-designs.hu\/index.php?rest_route=%2Fwp%2Fv2%2Fmedia&parent=2"}],"curies":[{"name":"wp","href":"https:\/\/api.w.org\/{rel}","templated":true}]}}